{"id":12,"date":"2016-02-19T07:35:43","date_gmt":"2016-02-19T07:35:43","guid":{"rendered":"http:\/\/www.tunnel-du-weissenstein.ch\/fr\/?page_id=12"},"modified":"2017-02-24T09:32:07","modified_gmt":"2017-02-24T08:32:07","slug":"comite","status":"publish","type":"page","link":"https:\/\/www.tunnel-du-weissenstein.ch\/fr\/comite\/","title":{"rendered":"Comit\u00e9"},"content":{"rendered":"<h1>Le comit\u00e9 est \u00e0 la man\u0153uvre<\/h1>\n<p>Le comit\u00e9 \u00abpour le maintien du tunnel du Weissenstein\u00bb s&#8217;oppose de mani\u00e8re constructive \u00e0 la fermeture du tunnel. En organisant des actions coordonn\u00e9es qui attirent l&#8217;attention sur ce sujet, connectant les personnes des r\u00e9gions concern\u00e9es, r\u00e9unissant les d\u00e9cideurs autours d&#8217;une table, lan\u00e7ant des projets politiques ou encore en invitant les habitants et les touristes \u00e0 utiliser la ligne ferroviaire.<\/p>\n<p>Vous pouvez soutenir le comit\u00e9 pr\u00e9sid\u00e9 par le Conseiller national Stefan M\u00fcller-Altermatt, par une affiliation, un don ou en vous engageant personnellement.<\/p>\n<p>Contactez-nous:<\/p>\n<p>Comit\u00e9 \u00abpour le maintien du tunnel du Weissenstein\u00bb<br \/>\nSecr\u00e9tariat c\/o Commune de Welschenrohr<br \/>\nHauptstrasse 550<br \/>\n4716 Welschenrohr<br \/>\n032\u2009639\u200950\u200950<br \/>\n<a href=\"mailto:info@tunnel-du-weissenstein.ch\">info@tunnel-du-weissenstein.ch<\/a><\/p>\n<p>Compte bancaire pour les dons: IBAN CH65\u20098093\u20090000\u20090021\u20094788\u20093<br \/>\nPC 46-1211-6, versement pour Raiffeisenbank Balsthal-Laupersdorf,<br \/>\nau profit de Verein Region Thal, H\u00f6lzlistrasse 57, 4710 Balsthal.<\/p>\n<hr \/>\n<h2>Groupe de pilotage<\/h2>\n<p><strong>Pr\u00e9sidence:<\/strong><br \/>\nWalter Straumann, alt Regierungsrat<br \/>\nStefan Mu\u0308ller-Altermatt, Nationalrat\/Gemeindepr\u00e4sident Herbetswil<\/p>\n<p><strong>Membres:<\/strong><br \/>\nEduard J. Belser, Egerkingen<br \/>\nStephan Berger, Vorsteher Oberamt Thal-G\u00e4u<br \/>\nDaniel Cattin, Lommiswil<br \/>\nJean-Claude Chevalier, Maire Cr\u00e9mines<br \/>\nJean-Jacques Cl\u00e9mencon, Conseil Municipal Moutier<br \/>\nUeli Custer, Gemeinderat Lommiswil<br \/>\nRosmarie Heiniger, Gemeindepr\u00e4sidentin G\u00e4nsbrunnen<br \/>\nJu\u0308rgen Hofer, Region Solothurn Tourismus<br \/>\nErnst Lanz, G\u00e4nsbrunnen<br \/>\nPierino Menna, Gemeinderat Balsthal<br \/>\nWolfgang Niklaus, chilimedia GmbH, Olten<br \/>\nErika Pfeiffer, Gemeindepr\u00e4sidentin Lommiswil<br \/>\nStefan Schneider, Gemeindepr\u00e4sident Welschenrohr<br \/>\nKonrad Stuber, Seilbahn Weissenstein<br \/>\nBernhard Studer, Gesch\u00e4ftsfu\u0308hrer Region Thal<br \/>\nCharly Zimmermann, Tunnelkino<\/p>\n<hr \/>\n<h2>Dons<\/h2>\n<p>Les donateurs suivants ont soutenu le comit\u00e9 \u00abpour le maintien du tunnel du Weissenstein\u00bb par des dons de 200 francs ou plus. Nous les en remercions de tout c\u0153ur! Bien entendu nous continuons \u00e0 avoir besoin de fonds pour nos efforts en faveur du maintien du tunnel. Chaque don \u2013 m\u00eame les petites contributions \u2013 est tr\u00e8s bienvenue.<\/p>\n<p>Kanton Solothurn Tourismus<br \/>\nVerein Tunnelkino<br \/>\nVerein Region Thal<br \/>\nVCS<\/p>\n<p>Blumen-Deco Buntspecht Tschan, 4717 M\u00fcmliswil<br \/>\nB\u00fcrgergemeinde Welschenrohr, 4716 Welschenrohr<br \/>\nChemvalve-Schmid AG, 4716 Welschenrohr<br \/>\nCommunes de Cr\u00e9mines, 2746 Cr\u00e9mines<br \/>\nEinwohnergemeinde Balsthal, 4710 Balsthal<br \/>\nEinwohnergemeinde Bolken, 4556 Bolken<br \/>\nEinwohnergemeinde Dornach, 4143 Dornach<br \/>\nEinwohnergemeinde Etziken, 4554 Etziken<br \/>\nEinwohnergemeinde Holderbank, 4718 Holderbank<br \/>\nEinwohnergemeinde Langendorf, 4513 Langendorf<br \/>\nEinwohnergemeinde Recherswil, 4565 Recherswil<br \/>\nEinwohnergemeinde Solothurn, 4502 Solothurn<br \/>\nEinwohnergemeinde Subingen, 4553 Subingen<br \/>\nEinwohnergemeinde Welschenrohr, 4716 Welschenrohr<br \/>\nGemeinde Aedermannsdorf, 4714 Aedermannsdorf<br \/>\nGemeinde Balm, 4525 Balm bei G\u00fcnsberg<br \/>\nGemeinde Biberist, 4562 Biberist<br \/>\nGemeinde Feldbrunnen, 4532 Feldbrunnen<br \/>\nGemeinde G\u00e4nsbrunnen, 4716 Welschenrohr<br \/>\nGemeindeverwaltung Herbetswil, 4715 Herbetswil<br \/>\nGemeinde Matzendorf, 4713 Matzendorf<br \/>\nGemeindeverwaltung Matzendorf, 4713 Matzendorf<br \/>\nGemeindeverwaltung Oberdorf, 4515 Oberdorf<br \/>\nGewerbeverein Thal, 4712 Laupersdorf<br \/>\nGrico Group AG, 4716 Welschenrohr<br \/>\nIgoeffa, Ruedi Heutschi, 4614 H\u00e4gendorf<br \/>\nKobel Markus, 4526 Oberbuchsiten<br \/>\nPostAuto Schweiz AG, 3030 Bern<br \/>\nPro Bahn NWCH, 4410 Liestal<br \/>\nPro natura Solothurn, Soloth. Naturschutzverband, 4502 Solothurn<br \/>\nRegionalplanungsgruppe Solothurn und Umgebung (RSU), 4571 L\u00fcterkofen<br \/>\nRestaurant Oberd\u00f6rfer, 4716 G\u00e4nsbrunnen<br \/>\nSozialdemokratische Partei des Kantons Solothurn, 4500 Solothurn<br \/>\nStadt Grenchen, 2540 Grenchen<br \/>\nStiftung Robert und Marcelle Strueby-Fertig, 4500 Solothurn<br \/>\nVCS Verkehrs-Club der Schweiz, Sektion Solothurn, 4500 Solothurn<br \/>\nVille de Moutier, 2740 Moutier<br \/>\nVogt-Arnold Hugo, 4717 Aedermannsdorf<\/p>\n","protected":false},"excerpt":{"rendered":"<p>Le comit\u00e9 est \u00e0 la man\u0153uvre Le comit\u00e9 \u00abpour le maintien du tunnel du Weissenstein\u00bb s&#8217;oppose de mani\u00e8re constructive \u00e0 la fermeture du tunnel. En \u2026<\/p>\n<p class=\"continue-reading-button\"> <a class=\"continue-reading-link\" href=\"https:\/\/www.tunnel-du-weissenstein.ch\/fr\/comite\/\">Plus\u2026<i class=\"crycon-right-dir\"><\/i><\/a><\/p>\n","protected":false},"author":1,"featured_media":143,"parent":0,"menu_order":30,"comment_status":"closed","ping_status":"closed","template":"","meta":[],"_links":{"self":[{"href":"https:\/\/www.tunnel-du-weissenstein.ch\/fr\/wp-json\/wp\/v2\/pages\/12"}],"collection":[{"href":"https:\/\/www.tunnel-du-weissenstein.ch\/fr\/wp-json\/wp\/v2\/pages"}],"about":[{"href":"https:\/\/www.tunnel-du-weissenstein.ch\/fr\/wp-json\/wp\/v2\/types\/page"}],"author":[{"embeddable":true,"href":"https:\/\/www.tunnel-du-weissenstein.ch\/fr\/wp-json\/wp\/v2\/users\/1"}],"replies":[{"embeddable":true,"href":"https:\/\/www.tunnel-du-weissenstein.ch\/fr\/wp-json\/wp\/v2\/comments?post=12"}],"version-history":[{"count":20,"href":"https:\/\/www.tunnel-du-weissenstein.ch\/fr\/wp-json\/wp\/v2\/pages\/12\/revisions"}],"predecessor-version":[{"id":198,"href":"https:\/\/www.tunnel-du-weissenstein.ch\/fr\/wp-json\/wp\/v2\/pages\/12\/revisions\/198"}],"wp:featuredmedia":[{"embeddable":true,"href":"https:\/\/www.tunnel-du-weissenstein.ch\/fr\/wp-json\/wp\/v2\/media\/143"}],"wp:attachment":[{"href":"https:\/\/www.tunnel-du-weissenstein.ch\/fr\/wp-json\/wp\/v2\/media?parent=12"}],"curies":[{"name":"wp","href":"https:\/\/api.w.org\/{rel}","templated":true}]}}