{"id":14,"date":"2016-02-19T07:37:11","date_gmt":"2016-02-19T07:37:11","guid":{"rendered":"http:\/\/www.tunnel-du-weissenstein.ch\/fr\/?page_id=14"},"modified":"2017-06-29T13:32:01","modified_gmt":"2017-06-29T11:32:01","slug":"traverse","status":"publish","type":"page","link":"https:\/\/www.tunnel-du-weissenstein.ch\/fr\/traverse\/","title":{"rendered":"Achat d\u2019une traverse"},"content":{"rendered":"<p><strong><a href=\"https:\/\/www.tunnel-du-weissenstein.ch\/achat_traverse\" target=\"_blank\" rel=\"noopener\">Cliquez ici pour voir la travers\u00e9e virtuelle du tunnel<\/a><\/strong><\/p>\n<h2>Achat d\u2019une traverse<\/h2>\n<p>Le tunnel du Weissenstein sur la ligne ferroviaire Soleure-Moutier mesure 3,7 kilom\u00e8tres de long. 6168 traverses de chemin de fer se trouvent \u00e0 l\u2019int\u00e9rieur. Et ces traverses peuvent \u00eatre vendues au public. Bien entendu uniquement de fa\u00e7on symbolique, car elles sont encore n\u00e9cessaires. Le tunnel doit encore \u00eatre r\u00e9nov\u00e9 et relier encore pendant des d\u00e9cennies les r\u00e9gions du Jura soleurois, bernois et jurassique, r\u00e9unir les personnes au nord et au sud du Weissenstein, conf\u00e9rer une certaine force motrice aux r\u00e9gions voisines.<\/p>\n<p>Les 6168 traverses peuvent \u00eatre achet\u00e9es symboliquement dans le cadre de l\u2019action \u00ab\u00a0Achat d\u2019une traverse\u00a0\u00bb, que le comit\u00e9 \u00ab\u00a0pour le maintien du tunnel du Weissenstein\u00a0\u00bb a lanc\u00e9e. Et ce, au prix de 10 francs l\u2019unit\u00e9. Les noms des participants seront mentionn\u00e9s dans l\u2019animation r\u00e9alis\u00e9e sur le site Web du comit\u00e9. Les personnes qui ach\u00e8teront plusieurs traverses verront leurs noms mentionn\u00e9s \u00e9galement plusieurs fois sur le parcours du trajet virtuel en train d\u2019un bout \u00e0 l\u2019autre du tunnel.<\/p>\n<p>Les acheteurs de traverses de chemin de fer aideront le comit\u00e9 \u00ab\u00a0pour le maintien du tunnel du Weissenstein\u00a0\u00bb, qui s\u2019engage d\u2019une mani\u00e8re constructive contre la fermeture du tunnel. Par exemple en organisant des actions attirant l\u2019attention sur le sujet. En reliant les gens des r\u00e9gions concern\u00e9es et en mettant les d\u00e9cideurs autour de la table. En lan\u00e7ant des motions politiques. Ou encore en incitant locaux et touristes \u00e0 emprunter la ligne ferroviaire. L\u2019augmentation des fr\u00e9quences \u00e0 travers le tunnel reste un argument concluant quant \u00e0 l\u2019id\u00e9e de donner un avenir \u00e0 la ligne ferroviaire Soleure-Moutiers \u2013 et de permettre aux traverses de conserver leur valeur.<\/p>\n<p>Les coordonn\u00e9es bancaires pour acheter des traverses\u00a0: IBAN CH65 8093 0000 0021 4788 3, Verein Region Thal, H\u00f6lzlistrasse 57, 4710 Balsthal.<br \/>\n<strong>Veuillez indiquer \u00abAchat d\u2019une traverse\u00bb comme motif de versement.<\/strong><\/p>\n<p>&nbsp;<\/p>\n","protected":false},"excerpt":{"rendered":"<p>Cliquez ici pour voir la travers\u00e9e virtuelle du tunnel Achat d\u2019une traverse Le tunnel du Weissenstein sur la ligne ferroviaire Soleure-Moutier mesure 3,7 kilom\u00e8tres de \u2026<\/p>\n<p class=\"continue-reading-button\"> <a class=\"continue-reading-link\" href=\"https:\/\/www.tunnel-du-weissenstein.ch\/fr\/traverse\/\">Plus\u2026<i class=\"crycon-right-dir\"><\/i><\/a><\/p>\n","protected":false},"author":1,"featured_media":144,"parent":0,"menu_order":40,"comment_status":"closed","ping_status":"closed","template":"","meta":[],"_links":{"self":[{"href":"https:\/\/www.tunnel-du-weissenstein.ch\/fr\/wp-json\/wp\/v2\/pages\/14"}],"collection":[{"href":"https:\/\/www.tunnel-du-weissenstein.ch\/fr\/wp-json\/wp\/v2\/pages"}],"about":[{"href":"https:\/\/www.tunnel-du-weissenstein.ch\/fr\/wp-json\/wp\/v2\/types\/page"}],"author":[{"embeddable":true,"href":"https:\/\/www.tunnel-du-weissenstein.ch\/fr\/wp-json\/wp\/v2\/users\/1"}],"replies":[{"embeddable":true,"href":"https:\/\/www.tunnel-du-weissenstein.ch\/fr\/wp-json\/wp\/v2\/comments?post=14"}],"version-history":[{"count":6,"href":"https:\/\/www.tunnel-du-weissenstein.ch\/fr\/wp-json\/wp\/v2\/pages\/14\/revisions"}],"predecessor-version":[{"id":205,"href":"https:\/\/www.tunnel-du-weissenstein.ch\/fr\/wp-json\/wp\/v2\/pages\/14\/revisions\/205"}],"wp:featuredmedia":[{"embeddable":true,"href":"https:\/\/www.tunnel-du-weissenstein.ch\/fr\/wp-json\/wp\/v2\/media\/144"}],"wp:attachment":[{"href":"https:\/\/www.tunnel-du-weissenstein.ch\/fr\/wp-json\/wp\/v2\/media?parent=14"}],"curies":[{"name":"wp","href":"https:\/\/api.w.org\/{rel}","templated":true}]}}