{"id":16,"date":"2016-02-19T07:37:51","date_gmt":"2016-02-19T07:37:51","guid":{"rendered":"http:\/\/www.tunnel-du-weissenstein.ch\/fr\/?page_id=16"},"modified":"2016-07-11T13:16:42","modified_gmt":"2016-07-11T11:16:42","slug":"aider","status":"publish","type":"page","link":"https:\/\/www.tunnel-du-weissenstein.ch\/fr\/aider\/","title":{"rendered":"Aider"},"content":{"rendered":"<h3>Comment apporter votre aide<\/h3>\n<h1>Chacun peut aider \u00e0 changer correctement d\u2019aiguillage<\/h1>\n<p>L\u2019avenir du tunnel du Weissenstein est \u00e9galement entre vos mains. Dans votre quotidien, vous pouvez tr\u00e8s facilement contribuer \u00e0 ce que le tunnel ne soit pas ferm\u00e9: utilisez la ligne ferroviaire Soleure &#8211; Moutier aussi souvent que possible. Et incitez vos amis \u00e0 se balader dans la r\u00e9gion en train. L\u2019avantage est double. En fonction de ce que vous cherchez, vous passerez des moments passionnants, \u00e9reintants, plaisants, enrichissants ou reposants au c\u0153ur du paysage jurassien unique \u2013 et contribuerez en m\u00eame temps \u00e0 cr\u00e9er des arguments puissants pour r\u00e9nover le tunnel du Weissenstein.<\/p>\n<p><strong>Vous trouverez des id\u00e9es d\u2019escapades ici:<\/strong><br \/>\n<a href=\"http:\/\/www.myswitzerland.com\/\" target=\"_blank\">Suisse Tourisme<\/a><br \/>\n<a href=\"http:\/\/www.kantonsolothurntourismus.ch\" target=\"_blank\">Kanton Solothurn Tourismus<\/a> (Office du tourisme du canton de Soleure)<br \/>\n<a href=\"http:\/\/www.jurabernois.ch\" target=\"_blank\">Jura bernois<\/a><br \/>\n<a href=\"http:\/\/www.juratourisme.ch\" target=\"_blank\">Jura jurassien<\/a><br \/>\n<a href=\"http:\/\/www.baselland-tourismus.ch\" target=\"_blank\">Baselland Tourismus<\/a> (Office du tourisme de B\u00e2le-Campagne)<br \/>\n<a href=\"http:\/\/www.solothurn-city.ch\" target=\"_blank\">Region Solothurn Tourismus<\/a> (Office du tourisme de la r\u00e9gion de Soleure)<br \/>\n<a href=\"http:\/\/www.naturparkthal.ch\" target=\"_blank\">Parc naturel de Thal<\/a><br \/>\n<a href=\"http:\/\/www.oltentourismus.ch\" target=\"_blank\">Region Olten Tourismus<\/a> (Office du tourisme de la r\u00e9gion d\u2019Olten)<br \/>\n<a href=\"http:\/\/www.schwarzbubenland.info\" target=\"_blank\">Schwarzbubenland Tourismus<\/a> (Office du tourisme du Schwarzbubenland)<br \/>\n<a href=\"http:\/\/www.seilbahn-weissenstein.ch\" target=\"_blank\">Seilbahn Weissenstein AG <\/a><a href=\"http:\/\/www.tunnelkino.ch\/\" target=\"_blank\">Tunnelkino<\/a><\/p>\n<p>Vous pouvez soutenir le comit\u00e9 \u00abpour le maintien du tunnel du Weissenstein\u00bb \u00e9galement en vous engageant personnellement. Vous avez une id\u00e9e quant \u00e0 la mani\u00e8re d\u2019attirer l\u2019attention sur le sujet ou d\u2019augmenter le nombre d\u2019usagers\u00a0? Faites-nous signe \u2013 m\u00eame si cette id\u00e9e semble singuli\u00e8re. Nous \u00e9coutons tout le monde. Et traitons les id\u00e9es qui conviennent.<\/p>\n<p>De m\u00eame, vous pouvez aussi soutenir financi\u00e8rement le comit\u00e9 \u00abpour le maintien du tunnel du Weissenstein\u00bb. Vous trouverez toutes les informations correspondantes <a href=\"http:\/\/www.tunnel-du-weissenstein.ch\/fr\/comitee\/\">ici<\/a>.<\/p>\n","protected":false},"excerpt":{"rendered":"<p>Comment apporter votre aide Chacun peut aider \u00e0 changer correctement d\u2019aiguillage L\u2019avenir du tunnel du Weissenstein est \u00e9galement entre vos mains. Dans votre quotidien, vous \u2026<\/p>\n<p class=\"continue-reading-button\"> <a class=\"continue-reading-link\" href=\"https:\/\/www.tunnel-du-weissenstein.ch\/fr\/aider\/\">Plus\u2026<i class=\"crycon-right-dir\"><\/i><\/a><\/p>\n","protected":false},"author":1,"featured_media":145,"parent":0,"menu_order":50,"comment_status":"closed","ping_status":"closed","template":"","meta":[],"_links":{"self":[{"href":"https:\/\/www.tunnel-du-weissenstein.ch\/fr\/wp-json\/wp\/v2\/pages\/16"}],"collection":[{"href":"https:\/\/www.tunnel-du-weissenstein.ch\/fr\/wp-json\/wp\/v2\/pages"}],"about":[{"href":"https:\/\/www.tunnel-du-weissenstein.ch\/fr\/wp-json\/wp\/v2\/types\/page"}],"author":[{"embeddable":true,"href":"https:\/\/www.tunnel-du-weissenstein.ch\/fr\/wp-json\/wp\/v2\/users\/1"}],"replies":[{"embeddable":true,"href":"https:\/\/www.tunnel-du-weissenstein.ch\/fr\/wp-json\/wp\/v2\/comments?post=16"}],"version-history":[{"count":6,"href":"https:\/\/www.tunnel-du-weissenstein.ch\/fr\/wp-json\/wp\/v2\/pages\/16\/revisions"}],"predecessor-version":[{"id":96,"href":"https:\/\/www.tunnel-du-weissenstein.ch\/fr\/wp-json\/wp\/v2\/pages\/16\/revisions\/96"}],"wp:featuredmedia":[{"embeddable":true,"href":"https:\/\/www.tunnel-du-weissenstein.ch\/fr\/wp-json\/wp\/v2\/media\/145"}],"wp:attachment":[{"href":"https:\/\/www.tunnel-du-weissenstein.ch\/fr\/wp-json\/wp\/v2\/media?parent=16"}],"curies":[{"name":"wp","href":"https:\/\/api.w.org\/{rel}","templated":true}]}}