{"id":5,"date":"2016-02-19T07:30:24","date_gmt":"2016-02-19T07:30:24","guid":{"rendered":"http:\/\/www.tunnel-du-weissenstein.ch\/fr\/?page_id=5"},"modified":"2016-09-09T10:08:12","modified_gmt":"2016-09-09T08:08:12","slug":"home","status":"publish","type":"page","link":"https:\/\/www.tunnel-du-weissenstein.ch\/fr\/","title":{"rendered":"Home"},"content":{"rendered":"<h2>Le tunnel du Weissenstein conf\u00e8re des atouts aux r\u00e9gions avoisinantes \u2013 le comit\u00e9 pose les jalons pour que cela reste le cas.<\/h2>\n<div class=\"display-posts-listing\"><div class=\"listing-item\"><a class=\"image\" href=\"https:\/\/www.tunnel-du-weissenstein.ch\/fr\/nouvelle-positive\/\"><a href=\"https:\/\/www.tunnel-du-weissenstein.ch\/fr\/nouvelle-positive\/\" title=\"La nouvelle positive de Berne suscite la joie \u2013 et est une obligation\"><img width=\"185\" height=\"123\" src=\"https:\/\/www.tunnel-du-weissenstein.ch\/fr\/wp-content\/uploads\/2017\/02\/Weissenstein_PK_03-tn.jpg\" class=\"attachment-thumbnail size-thumbnail wp-post-image\" alt=\"\" decoding=\"async\" loading=\"lazy\" srcset=\"https:\/\/www.tunnel-du-weissenstein.ch\/fr\/wp-content\/uploads\/2017\/02\/Weissenstein_PK_03-tn.jpg 185w, https:\/\/www.tunnel-du-weissenstein.ch\/fr\/wp-content\/uploads\/2017\/02\/Weissenstein_PK_03-tn-150x100.jpg 150w\" sizes=\"(max-width: 185px) 100vw, 185px\" \/><\/a><\/a> <a class=\"title\" href=\"https:\/\/www.tunnel-du-weissenstein.ch\/fr\/nouvelle-positive\/\">La nouvelle positive de Berne suscite la joie \u2013 et est une obligation<\/a> <span class=\"excerpt-dash\">-<\/span> <span class=\"excerpt\">Le 14 f\u00e9vrier, l\u2019Office f\u00e9d\u00e9ral des transports a annonc\u00e9 que le tunnel du Weissenstein serait r\u00e9nov\u00e9. Le m\u00eame jour, le comit\u00e9 \u00abpour le maintien du \u2026<p class=\"continue-reading-button\"> <a class=\"continue-reading-link\" href=\"https:\/\/www.tunnel-du-weissenstein.ch\/fr\/nouvelle-positive\/\">Plus\u2026<i class=\"crycon-right-dir\"><\/i><\/a><\/p><\/span><\/div><div class=\"listing-item\"><a class=\"image\" href=\"https:\/\/www.tunnel-du-weissenstein.ch\/fr\/le-tunnel-sera-renove\/\"><a href=\"https:\/\/www.tunnel-du-weissenstein.ch\/fr\/le-tunnel-sera-renove\/\" title=\"Une nouvelle r\u00e9jouissante venue de Berne: le tunnel du Weissenstein sera r\u00e9nov\u00e9 !\"><img width=\"185\" height=\"123\" src=\"https:\/\/www.tunnel-du-weissenstein.ch\/fr\/wp-content\/uploads\/2017\/02\/Tunnel_005.jpg\" class=\"attachment-thumbnail size-thumbnail wp-post-image\" alt=\"\" decoding=\"async\" loading=\"lazy\" srcset=\"https:\/\/www.tunnel-du-weissenstein.ch\/fr\/wp-content\/uploads\/2017\/02\/Tunnel_005.jpg 185w, https:\/\/www.tunnel-du-weissenstein.ch\/fr\/wp-content\/uploads\/2017\/02\/Tunnel_005-150x100.jpg 150w\" sizes=\"(max-width: 185px) 100vw, 185px\" \/><\/a><\/a> <a class=\"title\" href=\"https:\/\/www.tunnel-du-weissenstein.ch\/fr\/le-tunnel-sera-renove\/\">Une nouvelle r\u00e9jouissante venue de Berne: le tunnel du Weissenstein sera r\u00e9nov\u00e9 !<\/a> <span class=\"excerpt-dash\">-<\/span> <span class=\"excerpt\">Ce pour quoi le comit\u00e9 \u00abpour le maintien du tunnel du Weissenstein\u00a0\u00bb, les deux cantons concern\u00e9s de Soleure et de Berne, des communes, la population \u2026<p class=\"continue-reading-button\"> <a class=\"continue-reading-link\" href=\"https:\/\/www.tunnel-du-weissenstein.ch\/fr\/le-tunnel-sera-renove\/\">Plus\u2026<i class=\"crycon-right-dir\"><\/i><\/a><\/p><\/span><\/div><div class=\"listing-item\"><a class=\"image\" href=\"https:\/\/www.tunnel-du-weissenstein.ch\/fr\/une-traversee-du-tunnel-instructive\/\"><a href=\"https:\/\/www.tunnel-du-weissenstein.ch\/fr\/une-traversee-du-tunnel-instructive\/\" title=\"Une travers\u00e9e du tunnel instructive\"><img width=\"185\" height=\"123\" src=\"https:\/\/www.tunnel-du-weissenstein.ch\/fr\/wp-content\/uploads\/2016\/09\/Weissensteintunnel_Wanderung_07f.jpg\" class=\"attachment-thumbnail size-thumbnail wp-post-image\" alt=\"\" decoding=\"async\" loading=\"lazy\" srcset=\"https:\/\/www.tunnel-du-weissenstein.ch\/fr\/wp-content\/uploads\/2016\/09\/Weissensteintunnel_Wanderung_07f.jpg 185w, https:\/\/www.tunnel-du-weissenstein.ch\/fr\/wp-content\/uploads\/2016\/09\/Weissensteintunnel_Wanderung_07f-150x100.jpg 150w\" sizes=\"(max-width: 185px) 100vw, 185px\" \/><\/a><\/a> <a class=\"title\" href=\"https:\/\/www.tunnel-du-weissenstein.ch\/fr\/une-traversee-du-tunnel-instructive\/\">Une travers\u00e9e du tunnel instructive<\/a> <span class=\"excerpt-dash\">-<\/span> <span class=\"excerpt\">Lors de la randonn\u00e9e exclusive \u00e0 travers le tunnel du Weissenstein le week-end dernier entre Oberdorf et G\u00e4nsbrunnen, les personnes int\u00e9ress\u00e9es ont pu voir \u2013 \u2026<p class=\"continue-reading-button\"> <a class=\"continue-reading-link\" href=\"https:\/\/www.tunnel-du-weissenstein.ch\/fr\/une-traversee-du-tunnel-instructive\/\">Plus\u2026<i class=\"crycon-right-dir\"><\/i><\/a><\/p><\/span><\/div><div class=\"listing-item\"><a class=\"title\" href=\"https:\/\/www.tunnel-du-weissenstein.ch\/fr\/action-achat-dune-traverse-lancee\/\">Action \u00abAchat d\u2019une traverse\u00bb lanc\u00e9e<\/a> <span class=\"excerpt-dash\">-<\/span> <span class=\"excerpt\">Une traverse pour dix francs \u2013 Exactement 6168 traverses de chemin de fer se trouvent \u00e0 l\u2019int\u00e9rieur du tunnel du Weissenstein. Dans le cadre de \u2026<p class=\"continue-reading-button\"> <a class=\"continue-reading-link\" href=\"https:\/\/www.tunnel-du-weissenstein.ch\/fr\/action-achat-dune-traverse-lancee\/\">Plus\u2026<i class=\"crycon-right-dir\"><\/i><\/a><\/p><\/span><\/div><\/div>\n","protected":false},"excerpt":{"rendered":"<p>Le tunnel du Weissenstein conf\u00e8re des atouts aux r\u00e9gions avoisinantes \u2013 le comit\u00e9 pose les jalons pour que cela reste le cas.<\/p>\n<p class=\"continue-reading-button\"> <a class=\"continue-reading-link\" href=\"https:\/\/www.tunnel-du-weissenstein.ch\/fr\/action-achat-dune-traverse-lancee\/\">Plus\u2026<i class=\"crycon-right-dir\"><\/i><\/a><\/p>\n","protected":false},"author":1,"featured_media":146,"parent":0,"menu_order":10,"comment_status":"closed","ping_status":"closed","template":"","meta":[],"_links":{"self":[{"href":"https:\/\/www.tunnel-du-weissenstein.ch\/fr\/wp-json\/wp\/v2\/pages\/5"}],"collection":[{"href":"https:\/\/www.tunnel-du-weissenstein.ch\/fr\/wp-json\/wp\/v2\/pages"}],"about":[{"href":"https:\/\/www.tunnel-du-weissenstein.ch\/fr\/wp-json\/wp\/v2\/types\/page"}],"author":[{"embeddable":true,"href":"https:\/\/www.tunnel-du-weissenstein.ch\/fr\/wp-json\/wp\/v2\/users\/1"}],"replies":[{"embeddable":true,"href":"https:\/\/www.tunnel-du-weissenstein.ch\/fr\/wp-json\/wp\/v2\/comments?post=5"}],"version-history":[{"count":11,"href":"https:\/\/www.tunnel-du-weissenstein.ch\/fr\/wp-json\/wp\/v2\/pages\/5\/revisions"}],"predecessor-version":[{"id":170,"href":"https:\/\/www.tunnel-du-weissenstein.ch\/fr\/wp-json\/wp\/v2\/pages\/5\/revisions\/170"}],"wp:featuredmedia":[{"embeddable":true,"href":"https:\/\/www.tunnel-du-weissenstein.ch\/fr\/wp-json\/wp\/v2\/media\/146"}],"wp:attachment":[{"href":"https:\/\/www.tunnel-du-weissenstein.ch\/fr\/wp-json\/wp\/v2\/media?parent=5"}],"curies":[{"name":"wp","href":"https:\/\/api.w.org\/{rel}","templated":true}]}}